{"id":131,"date":"2017-12-13T09:40:12","date_gmt":"2017-12-13T09:40:12","guid":{"rendered":"http:\/\/alberto-pc\/teatro\/?page_id=131"},"modified":"2018-03-08T07:28:05","modified_gmt":"2018-03-08T07:28:05","slug":"proyectos-y-talleres","status":"publish","type":"page","link":"http:\/\/www.verdelimonar.com\/index.php\/proyectos-y-talleres\/","title":{"rendered":"PROYECTOS Y TALLERES"},"content":{"rendered":"<div class=\"vce-row-container\"><div class=\"vce-row vce-row--col-gap-30 vce-row-columns--top vce-row-content--top\" id=\"el-2fb09a4b\" data-vce-do-apply=\"all el-2fb09a4b\"><div class=\"vce-content-background-container\"><\/div><div class=\"vce-row-content\" data-vce-element-content=\"true\"><div class=\"vce-col vce-col--md-74-99p vce-col--xs-1 vce-col--xs-last vce-col--xs-first vce-col--sm-last vce-col--sm-first vce-col--md-first vce-col--lg-first vce-col--xl-first\" id=\"el-e446c5f8\"><div class=\"vce-col-inner\" data-vce-element-content=\"true\" data-vce-do-apply=\"margin padding border  background el-e446c5f8\"><div class=\"vce-text-block\"><div class=\"vce-text-block-wrapper vce\" id=\"el-318c643b\" data-vce-do-apply=\"all el-318c643b\"><h4><a href=\"http:\/\/www.verdelimonar.com\/index.php\/centros-de-secundaria-y-bachillerato\/\"><span style=\"color: #008080;\">Centros de secundaria y bachillerato<\/span><\/a><\/h4><h6><a href=\"http:\/\/www.verdelimonar.com\/index.php\/centros-de-secundaria-y-bachillerato\/\">+ info<\/a><\/h6><\/div><\/div><\/div><\/div><div class=\"vce-col vce-col--md-24-99p vce-col--xs-1 vce-col--xs-last vce-col--xs-first vce-col--sm-last vce-col--sm-first vce-col--md-last vce-col--lg-last vce-col--xl-last\" id=\"el-8e333f05\"><div class=\"vce-col-inner\" data-vce-element-content=\"true\" data-vce-do-apply=\"margin padding border  background el-8e333f05\"><div class=\"vce-single-image-container vce-single-image--align-left\"><div class=\"vce vce-single-image-wrapper\" id=\"el-7280efa0\" data-vce-do-apply=\"all el-7280efa0\"><figure><a href=\"http:\/\/www.verdelimonar.com\/index.php\/centros-de-secundaria-y-bachillerato\/\" title=\"\" class=\"vce-single-image-inner\"><img decoding=\"async\" class=\"vce-single-image\" src=\"http:\/\/www.verdelimonar.com\/wp-content\/uploads\/2018\/01\/2bachiller-1024x664.jpg\" data-img-src=\"http:\/\/www.verdelimonar.com\/wp-content\/uploads\/2018\/01\/2bachiller.jpg\" alt=\"\" title=\"2bachiller\"><\/a><\/figure><\/div><\/div><\/div><\/div><\/div><\/div><\/div><div class=\"vce-row-container\"><div class=\"vce-row vce-row--col-gap-30 vce-row-columns--top vce-row-content--top\" id=\"el-cb595920\" data-vce-do-apply=\"all el-cb595920\"><div class=\"vce-content-background-container\"><\/div><div class=\"vce-row-content\" data-vce-element-content=\"true\"><div class=\"vce-col vce-col--md-74-99p vce-col--xs-1 vce-col--xs-last vce-col--xs-first vce-col--sm-last vce-col--sm-first vce-col--md-first vce-col--lg-first vce-col--xl-first\" id=\"el-939ab799\"><div class=\"vce-col-inner\" data-vce-element-content=\"true\" data-vce-do-apply=\"margin padding border  background el-939ab799\"><div class=\"vce-text-block\"><div class=\"vce-text-block-wrapper vce\" id=\"el-6a7fa07f\" data-vce-do-apply=\"all el-6a7fa07f\"><h4><a href=\"http:\/\/www.verdelimonar.com\/index.php\/diversidad-funcional\/\"><span style=\"color: #008080;\">Diversidad funcional<\/span><\/a><\/h4><h6><a href=\"http:\/\/www.verdelimonar.com\/index.php\/diversidad-funcional\/\">+ info<\/a><\/h6><\/div><\/div><\/div><\/div><div class=\"vce-col vce-col--md-24-99p vce-col--xs-1 vce-col--xs-last vce-col--xs-first vce-col--sm-last vce-col--sm-first vce-col--md-last vce-col--lg-last vce-col--xl-last\" id=\"el-88c06169\"><div class=\"vce-col-inner\" data-vce-element-content=\"true\" data-vce-do-apply=\"margin padding border  background el-88c06169\"><div class=\"vce-single-image-container vce-single-image--align-left\"><div class=\"vce vce-single-image-wrapper\" id=\"el-b136d714\" data-vce-do-apply=\"all el-b136d714\"><figure><a href=\"http:\/\/www.verdelimonar.com\/index.php\/diversidad-funcional\/\" title=\"\" class=\"vce-single-image-inner\"><img decoding=\"async\" class=\"vce-single-image\" src=\"http:\/\/www.verdelimonar.com\/wp-content\/uploads\/2018\/01\/2discapacidad-1024x664.jpg\" data-img-src=\"http:\/\/www.verdelimonar.com\/wp-content\/uploads\/2018\/01\/2discapacidad.jpg\" alt=\"\" title=\"2discapacidad\"><\/a><\/figure><\/div><\/div><\/div><\/div><\/div><\/div><\/div><div class=\"vce-row-container\"><div class=\"vce-row vce-row--col-gap-30 vce-row-columns--top vce-row-content--top\" id=\"el-e4a0281c\" data-vce-do-apply=\"all el-e4a0281c\"><div class=\"vce-content-background-container\"><\/div><div class=\"vce-row-content\" data-vce-element-content=\"true\"><div class=\"vce-col vce-col--md-74-99p vce-col--xs-1 vce-col--xs-last vce-col--xs-first vce-col--sm-last vce-col--sm-first vce-col--md-first vce-col--lg-first vce-col--xl-first\" id=\"el-a0ac256b\"><div class=\"vce-col-inner\" data-vce-element-content=\"true\" data-vce-do-apply=\"margin padding border  background el-a0ac256b\"><div class=\"vce-text-block\"><div class=\"vce-text-block-wrapper vce\" id=\"el-bdedf84e\" data-vce-do-apply=\"all el-bdedf84e\"><h4><a href=\"http:\/\/www.verdelimonar.com\/index.php\/pedagogia-y-formacion\/\"><span style=\"color: #008080;\">Pedagog\u00eda-Formaci\u00f3n<\/span><\/a><\/h4><h6><a href=\"http:\/\/www.verdelimonar.com\/index.php\/pedagogia-y-formacion\/\">+ info<\/a><\/h6><\/div><\/div><\/div><\/div><div class=\"vce-col vce-col--md-24-99p vce-col--xs-1 vce-col--xs-last vce-col--xs-first vce-col--sm-last vce-col--sm-first vce-col--md-last vce-col--lg-last vce-col--xl-last\" id=\"el-1526cd48\"><div class=\"vce-col-inner\" data-vce-element-content=\"true\" data-vce-do-apply=\"margin padding border  background el-1526cd48\"><div class=\"vce-single-image-container vce-single-image--align-left\"><div class=\"vce vce-single-image-wrapper\" id=\"el-8b1ad9ef\" data-vce-do-apply=\"all el-8b1ad9ef\"><figure><a href=\"http:\/\/www.verdelimonar.com\/index.php\/pedagogia-y-formacion\/\" title=\"\" class=\"vce-single-image-inner\"><img decoding=\"async\" class=\"vce-single-image\" src=\"http:\/\/www.verdelimonar.com\/wp-content\/uploads\/2018\/01\/2pedagogia-1024x664.jpg\" data-img-src=\"http:\/\/www.verdelimonar.com\/wp-content\/uploads\/2018\/01\/2pedagogia.jpg\" alt=\"\" title=\"2pedagogia\"><\/a><\/figure><\/div><\/div><\/div><\/div><\/div><\/div><\/div><div class=\"vce-row-container\"><div class=\"vce-row vce-row--col-gap-30 vce-row-columns--top vce-row-content--top\" id=\"el-0441dc9b\" data-vce-do-apply=\"all el-0441dc9b\"><div class=\"vce-content-background-container\"><\/div><div class=\"vce-row-content\" data-vce-element-content=\"true\"><div class=\"vce-col vce-col--md-74-99p vce-col--xs-1 vce-col--xs-last vce-col--xs-first vce-col--sm-last vce-col--sm-first vce-col--md-first vce-col--lg-first vce-col--xl-first\" id=\"el-b53b723d\"><div class=\"vce-col-inner\" data-vce-element-content=\"true\" data-vce-do-apply=\"margin padding border  background el-b53b723d\"><div class=\"vce-text-block\"><div class=\"vce-text-block-wrapper vce\" id=\"el-c422398a\" data-vce-do-apply=\"all el-c422398a\"><h4><a href=\"http:\/\/www.verdelimonar.com\/index.php\/narracion-oral-infantil-y-adultos\/\"><span style=\"color: #008080;\">Narraci\u00f3n oral infantil y adultos<\/span><\/a><\/h4><h6><a href=\"http:\/\/www.verdelimonar.com\/index.php\/narracion-oral-infantil-y-adultos\/\">+ info<\/a><\/h6><\/div><\/div><\/div><\/div><div class=\"vce-col vce-col--md-24-99p vce-col--xs-1 vce-col--xs-last vce-col--xs-first vce-col--sm-last vce-col--sm-first vce-col--md-last vce-col--lg-last vce-col--xl-last\" id=\"el-b807366d\"><div class=\"vce-col-inner\" data-vce-element-content=\"true\" data-vce-do-apply=\"margin padding border  background el-b807366d\"><div class=\"vce-single-image-container vce-single-image--align-left\"><div class=\"vce vce-single-image-wrapper\" id=\"el-6604fc7b\" data-vce-do-apply=\"all el-6604fc7b\"><figure><a href=\"http:\/\/www.verdelimonar.com\/index.php\/narracion-oral-infantil-y-adultos\/\" title=\"\" class=\"vce-single-image-inner\"><img decoding=\"async\" class=\"vce-single-image\" src=\"http:\/\/www.verdelimonar.com\/wp-content\/uploads\/2018\/01\/2narracion-1024x664.jpg\" data-img-src=\"http:\/\/www.verdelimonar.com\/wp-content\/uploads\/2018\/01\/2narracion.jpg\" alt=\"\" title=\"2narracion\"><\/a><\/figure><\/div><\/div><\/div><\/div><\/div><\/div><\/div><div class=\"vce-row-container\"><div class=\"vce-row vce-row--col-gap-30 vce-row-columns--top vce-row-content--top\" id=\"el-a4b9e2c6\" data-vce-do-apply=\"all el-a4b9e2c6\"><div class=\"vce-content-background-container\"><\/div><div class=\"vce-row-content\" data-vce-element-content=\"true\"><div class=\"vce-col vce-col--md-74-99p vce-col--xs-1 vce-col--xs-last vce-col--xs-first vce-col--sm-last vce-col--sm-first vce-col--md-first vce-col--lg-first vce-col--xl-first\" id=\"el-c6919cac\"><div class=\"vce-col-inner\" data-vce-element-content=\"true\" data-vce-do-apply=\"margin padding border  background el-c6919cac\"><div class=\"vce-text-block\"><div class=\"vce-text-block-wrapper vce\" id=\"el-029b5aec\" data-vce-do-apply=\"all el-029b5aec\"><h4><a href=\"http:\/\/www.verdelimonar.com\/index.php\/mujer-3\/\"><span style=\"color: #008080;\">Mujer<\/span><\/a><\/h4><h6><a href=\"http:\/\/www.verdelimonar.com\/index.php\/mujer-3\/\">+ info<\/a><\/h6><\/div><\/div><\/div><\/div><div class=\"vce-col vce-col--md-24-99p vce-col--xs-1 vce-col--xs-last vce-col--xs-first vce-col--sm-last vce-col--sm-first vce-col--md-last vce-col--lg-last vce-col--xl-last\" id=\"el-fa9ca691\"><div class=\"vce-col-inner\" data-vce-element-content=\"true\" data-vce-do-apply=\"margin padding border  background el-fa9ca691\"><div class=\"vce-single-image-container vce-single-image--align-left\"><div class=\"vce vce-single-image-wrapper\" id=\"el-a5ef913c\" data-vce-do-apply=\"all el-a5ef913c\"><figure><a href=\"http:\/\/www.verdelimonar.com\/index.php\/mujer-3\/\" title=\"\" class=\"vce-single-image-inner\"><img decoding=\"async\" class=\"vce-single-image\" src=\"http:\/\/www.verdelimonar.com\/wp-content\/uploads\/2018\/01\/mujer-1024x664.jpg\" data-img-src=\"http:\/\/www.verdelimonar.com\/wp-content\/uploads\/2018\/01\/mujer.jpg\" alt=\"\" title=\"mujer\"><\/a><\/figure><\/div><\/div><\/div><\/div><\/div><\/div><\/div>\n","protected":false},"excerpt":{"rendered":"<p>Centros de secundaria y bachillerato+ infoDiversidad funcional+ infoPedagog\u00eda-Formaci\u00f3n+ infoNarraci\u00f3n oral infantil y adultos+ infoMujer+ info<\/p>\n","protected":false},"author":1,"featured_media":0,"parent":0,"menu_order":0,"comment_status":"closed","ping_status":"closed","template":"","meta":{"footnotes":""},"class_list":["post-131","page","type-page","status-publish","hentry"],"_links":{"self":[{"href":"http:\/\/www.verdelimonar.com\/index.php\/wp-json\/wp\/v2\/pages\/131","targetHints":{"allow":["GET"]}}],"collection":[{"href":"http:\/\/www.verdelimonar.com\/index.php\/wp-json\/wp\/v2\/pages"}],"about":[{"href":"http:\/\/www.verdelimonar.com\/index.php\/wp-json\/wp\/v2\/types\/page"}],"author":[{"embeddable":true,"href":"http:\/\/www.verdelimonar.com\/index.php\/wp-json\/wp\/v2\/users\/1"}],"replies":[{"embeddable":true,"href":"http:\/\/www.verdelimonar.com\/index.php\/wp-json\/wp\/v2\/comments?post=131"}],"version-history":[{"count":22,"href":"http:\/\/www.verdelimonar.com\/index.php\/wp-json\/wp\/v2\/pages\/131\/revisions"}],"predecessor-version":[{"id":756,"href":"http:\/\/www.verdelimonar.com\/index.php\/wp-json\/wp\/v2\/pages\/131\/revisions\/756"}],"wp:attachment":[{"href":"http:\/\/www.verdelimonar.com\/index.php\/wp-json\/wp\/v2\/media?parent=131"}],"curies":[{"name":"wp","href":"https:\/\/api.w.org\/{rel}","templated":true}]}}