{"id":2,"date":"2017-05-29T06:10:27","date_gmt":"2017-05-29T06:10:27","guid":{"rendered":"http:\/\/localhost\/teatro\/?page_id=2"},"modified":"2018-03-08T07:24:52","modified_gmt":"2018-03-08T07:24:52","slug":"2-2","status":"publish","type":"page","link":"http:\/\/www.verdelimonar.com\/","title":{"rendered":""},"content":{"rendered":"<div class=\"vce-row-container\"><div class=\"vce-row vce-row--col-gap-30 vce-row-columns--top vce-row-content--top\" id=\"el-f72e0bdb\" data-vce-do-apply=\"all el-f72e0bdb\"><div class=\"vce-row-content\" data-vce-element-content=\"true\"><div class=\"vce-col vce-col--md-100p vce-col--xs-1 vce-col--xs-last vce-col--xs-first vce-col--sm-last vce-col--sm-first vce-col--md-last vce-col--lg-last vce-col--xl-last vce-col--md-first vce-col--lg-first vce-col--xl-first\" id=\"el-055d9538\"><div class=\"vce-col-inner\" data-vce-element-content=\"true\" data-vce-do-apply=\"margin padding border  background el-055d9538\"><div class=\"vce-text-block\"><div class=\"vce-text-block-wrapper vce\" id=\"el-339d957a\" data-vce-do-apply=\"all el-339d957a\"><h4>&nbsp;<\/h4><h4><span style=\"color: #808080;\">Verdelimonar Teatro nace de la pasi\u00f3n que nosotras, Nanna S\u00e1nchez y Montse Zabalza,&nbsp; actrices profesionales y pedagogas de amplia experiencia,&nbsp; sentimos&nbsp; por el teatro.<\/span><\/h4><h4><span style=\"color: #808080;\">Esta pasi\u00f3n nos&nbsp; lleva al estudio, la b\u00fasqueda y a la profundizaci\u00f3n en el hecho teatral.<\/span><\/h4><\/div><\/div><\/div><\/div><div class=\"vce-col vce-col--md-25p vce-col--xs-1 vce-col--xs-last vce-col--xs-first vce-col--sm-last vce-col--sm-first vce-col--md-first vce-col--lg-first vce-col--xl-first\" id=\"el-110c009b\"><div class=\"vce-content-background-container\"><\/div><div class=\"vce-col-inner\" data-vce-element-content=\"true\" data-vce-do-apply=\"margin padding border  background el-110c009b\"><div class=\"vce-single-image-container vce-single-image--align-left\"><div class=\"vce vce-single-image-wrapper\" id=\"el-d0fa4d69\" data-vce-do-apply=\"all el-d0fa4d69\"><figure><a href=\"http:\/\/www.verdelimonar.com\/index.php\/quienes-somos\/\" title=\"\" class=\"vce-single-image-inner\"><img decoding=\"async\" class=\"vce-single-image\" src=\"http:\/\/www.verdelimonar.com\/wp-content\/uploads\/2018\/02\/1quienessomos-1024x1024.jpg\" data-img-src=\"http:\/\/www.verdelimonar.com\/wp-content\/uploads\/2018\/02\/1quienessomos.jpg\" alt=\"\" title=\"1quienessomos\"><\/a><\/figure><\/div><\/div><div class=\"vce-text-block\"><div class=\"vce-text-block-wrapper vce\" id=\"el-d4254264\" data-vce-do-apply=\"all el-d4254264\"><h6 style=\"text-align: center;\"><a href=\"http:\/\/www.verdelimonar.com\/index.php\/quienes-somos\/\"><span style=\"color: #808080;\"><strong>Qui\u00e9nes somos<\/strong><\/span><\/a><\/h6><hr><p>&nbsp;<\/p><\/div><\/div><\/div><\/div><div class=\"vce-col vce-col--md-25p vce-col--xs-1 vce-col--xs-last vce-col--xs-first vce-col--sm-last vce-col--sm-first\" id=\"el-afdc695b\"><div class=\"vce-col-inner\" data-vce-element-content=\"true\" data-vce-do-apply=\"margin padding border  background el-afdc695b\"><div class=\"vce-single-image-container vce-single-image--align-left\"><div class=\"vce vce-single-image-wrapper\" id=\"el-5612cf6c\" data-vce-do-apply=\"all el-5612cf6c\"><figure><a href=\"http:\/\/www.verdelimonar.com\/index.php\/espectaculos\/\" title=\"\" class=\"vce-single-image-inner\"><img decoding=\"async\" class=\"vce-single-image\" src=\"http:\/\/www.verdelimonar.com\/wp-content\/uploads\/2018\/02\/1espectaculos-1024x1024.jpg\" data-img-src=\"http:\/\/www.verdelimonar.com\/wp-content\/uploads\/2018\/02\/1espectaculos.jpg\" alt=\"\" title=\"1espectaculos\"><\/a><\/figure><\/div><\/div><div class=\"vce-text-block\"><div class=\"vce-text-block-wrapper vce\" id=\"el-8139af58\" data-vce-do-apply=\"all el-8139af58\"><h6 style=\"text-align: center;\"><a href=\"http:\/\/www.verdelimonar.com\/index.php\/espectaculos\/\"><span style=\"color: #808080;\"><strong>Espect\u00e1culos<\/strong><\/span><\/a><\/h6><hr><p>&nbsp;<\/p><\/div><\/div><\/div><\/div><div class=\"vce-col vce-col--md-25p vce-col--xs-1 vce-col--xs-last vce-col--xs-first vce-col--sm-last vce-col--sm-first\" id=\"el-14de3cf7\"><div class=\"vce-col-inner\" data-vce-element-content=\"true\" data-vce-do-apply=\"margin padding border  background el-14de3cf7\"><div class=\"vce-single-image-container vce-single-image--align-left\"><div class=\"vce vce-single-image-wrapper\" id=\"el-d844ae69\" data-vce-do-apply=\"all el-d844ae69\"><figure><a href=\"http:\/\/www.verdelimonar.com\/index.php\/proyectos-y-talleres\/\" title=\"\" class=\"vce-single-image-inner\"><img decoding=\"async\" class=\"vce-single-image\" src=\"http:\/\/www.verdelimonar.com\/wp-content\/uploads\/2018\/02\/1proyectos-1024x1024.jpg\" data-img-src=\"http:\/\/www.verdelimonar.com\/wp-content\/uploads\/2018\/02\/1proyectos.jpg\" alt=\"\" title=\"1proyectos\"><\/a><\/figure><\/div><\/div><div class=\"vce-text-block\"><div class=\"vce-text-block-wrapper vce\" id=\"el-40b8f689\" data-vce-do-apply=\"all el-40b8f689\"><h6 style=\"text-align: center;\"><a href=\"http:\/\/www.verdelimonar.com\/index.php\/proyectos-y-talleres\/\"><span style=\"color: #808080;\"><strong>Proyectos y talleres<\/strong><\/span><\/a><\/h6><hr><p>&nbsp;<\/p><\/div><\/div><\/div><\/div><div class=\"vce-col vce-col--md-25p vce-col--xs-1 vce-col--xs-last vce-col--xs-first vce-col--sm-last vce-col--sm-first vce-col--md-last vce-col--lg-last vce-col--xl-last\" id=\"el-4e718710\"><div class=\"vce-col-inner\" data-vce-element-content=\"true\" data-vce-do-apply=\"margin padding border  background el-4e718710\"><div class=\"vce-single-image-container vce-single-image--align-left\"><div class=\"vce vce-single-image-wrapper\" id=\"el-ed474ac5\" data-vce-do-apply=\"all el-ed474ac5\"><figure><a href=\"http:\/\/www.verdelimonar.com\/index.php\/contacto\/\" title=\"\" class=\"vce-single-image-inner\"><img decoding=\"async\" class=\"vce-single-image\" src=\"http:\/\/www.verdelimonar.com\/wp-content\/uploads\/2018\/02\/1contacto-1024x1024.jpg\" data-img-src=\"http:\/\/www.verdelimonar.com\/wp-content\/uploads\/2018\/02\/1contacto.jpg\" alt=\"\" title=\"1contacto\"><\/a><\/figure><\/div><\/div><div class=\"vce-text-block\"><div class=\"vce-text-block-wrapper vce\" id=\"el-92d01b2f\" data-vce-do-apply=\"all el-92d01b2f\"><h6 style=\"text-align: center;\"><a href=\"http:\/\/www.verdelimonar.com\/index.php\/contacto\/\"><span style=\"color: #808080;\"><strong>Contacto<\/strong><\/span><\/a><\/h6><hr><p>&nbsp;<\/p><\/div><\/div><\/div><\/div><\/div><\/div><\/div><div class=\"vce-row-container\"><div class=\"vce-row vce-row--col-gap-30 vce-row-columns--top vce-row-content--top\" id=\"el-480f46ba\" data-vce-do-apply=\"all el-480f46ba\"><div class=\"vce-row-content\" data-vce-element-content=\"true\"><\/div><\/div><\/div>\n","protected":false},"excerpt":{"rendered":"<p>&nbsp;Verdelimonar Teatro nace de la pasi\u00f3n que nosotras, Nanna S\u00e1nchez y Montse Zabalza,&nbsp; actrices profesionales y pedagogas de amplia experiencia,&nbsp; sentimos&nbsp; por [&hellip;]<\/p>\n","protected":false},"author":1,"featured_media":0,"parent":0,"menu_order":0,"comment_status":"closed","ping_status":"closed","template":"","meta":{"footnotes":""},"class_list":["post-2","page","type-page","status-publish","hentry"],"_links":{"self":[{"href":"http:\/\/www.verdelimonar.com\/index.php\/wp-json\/wp\/v2\/pages\/2","targetHints":{"allow":["GET"]}}],"collection":[{"href":"http:\/\/www.verdelimonar.com\/index.php\/wp-json\/wp\/v2\/pages"}],"about":[{"href":"http:\/\/www.verdelimonar.com\/index.php\/wp-json\/wp\/v2\/types\/page"}],"author":[{"embeddable":true,"href":"http:\/\/www.verdelimonar.com\/index.php\/wp-json\/wp\/v2\/users\/1"}],"replies":[{"embeddable":true,"href":"http:\/\/www.verdelimonar.com\/index.php\/wp-json\/wp\/v2\/comments?post=2"}],"version-history":[{"count":63,"href":"http:\/\/www.verdelimonar.com\/index.php\/wp-json\/wp\/v2\/pages\/2\/revisions"}],"predecessor-version":[{"id":755,"href":"http:\/\/www.verdelimonar.com\/index.php\/wp-json\/wp\/v2\/pages\/2\/revisions\/755"}],"wp:attachment":[{"href":"http:\/\/www.verdelimonar.com\/index.php\/wp-json\/wp\/v2\/media?parent=2"}],"curies":[{"name":"wp","href":"https:\/\/api.w.org\/{rel}","templated":true}]}}