{"id":27,"date":"2017-05-29T07:09:03","date_gmt":"2017-05-29T07:09:03","guid":{"rendered":"http:\/\/localhost\/teatro\/?page_id=27"},"modified":"2018-03-08T07:31:36","modified_gmt":"2018-03-08T07:31:36","slug":"mujer-3","status":"publish","type":"page","link":"http:\/\/www.verdelimonar.com\/index.php\/mujer-3\/","title":{"rendered":"MUJER"},"content":{"rendered":"<div class=\"vce-row-container\"><div class=\"vce-row vce-row--col-gap-30 vce-row-columns--top vce-row-content--top\" id=\"el-e37b01d6\" data-vce-do-apply=\"all el-e37b01d6\"><div class=\"vce-row-content\" data-vce-element-content=\"true\"><div class=\"vce-col vce-col--md-auto vce-col--xs-1 vce-col--xs-last vce-col--xs-first vce-col--sm-last vce-col--sm-first vce-col--md-last vce-col--lg-last vce-col--xl-last vce-col--md-first vce-col--lg-first vce-col--xl-first\" id=\"el-5b6271ab\"><div class=\"vce-col-inner\" data-vce-element-content=\"true\" data-vce-do-apply=\"margin padding border  background el-5b6271ab\"><div class=\"vce-text-block\"><div class=\"vce-text-block-wrapper vce\" id=\"el-84b152ab\" data-vce-do-apply=\"all el-84b152ab\"><h5><span style=\"color: #808080;\">Nuestras obras hablan sobre la mujer y como mujeres y actrices comprometidas social y culturalmente, tenemos la suerte de poder dar voz a personajes femeninos y a sus emociones:&nbsp; pasiones, deseos, lamentos y, &nbsp;por supuesto, su rabia ante la falta de&nbsp; libertad.<\/span><\/h5><h5><span style=\"color: #808080;\">Destacamos positivamente nuestras actuaciones y su posterior coloquio con las Asociaciones de la mujer y Programas de Igualdad en diferentes Ayuntamientos<\/span><\/h5><\/div><\/div><\/div><\/div><\/div><\/div><\/div><div class=\"vce-row-container\"><div class=\"vce-row vce-row--col-gap-30 vce-row-columns--top vce-row-content--top\" id=\"el-76bebe4b\" data-vce-do-apply=\"all el-76bebe4b\"><div class=\"vce-content-background-container\"><\/div><div class=\"vce-row-content\" data-vce-element-content=\"true\"><div class=\"vce-col vce-col--md-71-8p vce-col--xs-1 vce-col--xs-last vce-col--xs-first vce-col--sm-last vce-col--sm-first vce-col--md-first vce-col--lg-first vce-col--xl-first\" id=\"el-656915fa\"><div class=\"vce-col-inner\" data-vce-element-content=\"true\" data-vce-do-apply=\"margin padding border  background el-656915fa\"><div class=\"vce-text-block\"><div class=\"vce-text-block-wrapper vce\" id=\"el-7d858c0b\" data-vce-do-apply=\"all el-7d858c0b\"><h4><span style=\"color: #008080;\">DOS MUJERES CUENTAN<\/span><\/h4><h6><span style=\"color: #808080;\">Sarah y Rozica, dos mujeres de cultura sefard\u00ed, voces transmisoras de la literatura de tradici\u00f3n oral que se narraba en la pen\u00ednsula Ib\u00e9rica en el siglo XV.<\/span> <a href=\"http:\/\/www.verdelimonar.com\/index.php\/dos-mujeres-cuentan\/\">+ info<\/a><\/h6><\/div><\/div><\/div><\/div><div class=\"vce-col vce-col--md-28-18p vce-col--xs-1 vce-col--xs-last vce-col--xs-first vce-col--sm-last vce-col--sm-first vce-col--md-last vce-col--lg-last vce-col--xl-last\" id=\"el-8a69d195\"><div class=\"vce-col-inner\" data-vce-element-content=\"true\" data-vce-do-apply=\"margin padding border  background el-8a69d195\"><div class=\"vce-single-image-container vce-single-image--align-left\"><div class=\"vce vce-single-image-wrapper\" id=\"el-92cf437b\" data-vce-do-apply=\"all el-92cf437b\"><figure><a href=\"http:\/\/www.verdelimonar.com\/index.php\/dos-mujeres-cuentan\/\" title=\"\" target=\"_blank\" class=\"vce-single-image-inner\"><img decoding=\"async\" class=\"vce-single-image\" src=\"http:\/\/www.verdelimonar.com\/wp-content\/uploads\/2018\/01\/dos-1024x664.jpg\" data-img-src=\"http:\/\/www.verdelimonar.com\/wp-content\/uploads\/2018\/01\/dos.jpg\" alt=\"\" title=\"dos\"><\/a><\/figure><\/div><\/div><\/div><\/div><\/div><\/div><\/div><div class=\"vce-row-container\"><div class=\"vce-row vce-row--col-gap-30 vce-row-columns--top vce-row-content--top\" id=\"el-88093a8e\" data-vce-do-apply=\"all el-88093a8e\"><div class=\"vce-content-background-container\"><\/div><div class=\"vce-row-content\" data-vce-element-content=\"true\"><div class=\"vce-col vce-col--md-71-8p vce-col--xs-1 vce-col--xs-last vce-col--xs-first vce-col--sm-last vce-col--sm-first vce-col--md-first vce-col--lg-first vce-col--xl-first\" id=\"el-5c8c7da8\"><div class=\"vce-col-inner\" data-vce-element-content=\"true\" data-vce-do-apply=\"margin padding border  background el-5c8c7da8\"><div class=\"vce-text-block\"><div class=\"vce-text-block-wrapper vce\" id=\"el-f69c947f\" data-vce-do-apply=\"all el-f69c947f\"><h4><span style=\"color: #008080;\">FEDERICO, UNA PALABRA HABITADA<\/span><\/h4><h6><span style=\"color: #808080;\">Propuesta&nbsp; teatral &nbsp;en torno a la&nbsp; vida y obra&nbsp; de Federico Garc\u00eda Lorca. Interpretaci\u00f3n, danza y canto.<\/span> <a href=\"http:\/\/www.verdelimonar.com\/index.php\/federico-una-palabra-habitada\/\">+ info<\/a><\/h6><\/div><\/div><\/div><\/div><div class=\"vce-col vce-col--md-28-18p vce-col--xs-1 vce-col--xs-last vce-col--xs-first vce-col--sm-last vce-col--sm-first vce-col--md-last vce-col--lg-last vce-col--xl-last\" id=\"el-34343304\"><div class=\"vce-col-inner\" data-vce-element-content=\"true\" data-vce-do-apply=\"margin padding border  background el-34343304\"><div class=\"vce-single-image-container vce-single-image--align-left\"><div class=\"vce vce-single-image-wrapper\" id=\"el-784c5b42\" data-vce-do-apply=\"all el-784c5b42\"><figure><a href=\"http:\/\/www.verdelimonar.com\/index.php\/federico-una-palabra-habitada\/\" title=\"\" target=\"_blank\" class=\"vce-single-image-inner\"><img decoding=\"async\" class=\"vce-single-image\" src=\"http:\/\/www.verdelimonar.com\/wp-content\/uploads\/2018\/01\/t25c-1024x664.jpg\" data-img-src=\"http:\/\/www.verdelimonar.com\/wp-content\/uploads\/2018\/01\/t25c.jpg\" alt=\"\" title=\"t25c\"><\/a><\/figure><\/div><\/div><\/div><\/div><\/div><\/div><\/div><div class=\"vce-row-container\"><div class=\"vce-row vce-row--col-gap-30 vce-row-columns--top vce-row-content--top\" id=\"el-fbf59819\" data-vce-do-apply=\"all el-fbf59819\"><div class=\"vce-content-background-container\"><\/div><div class=\"vce-row-content\" data-vce-element-content=\"true\"><div class=\"vce-col vce-col--md-71-8p vce-col--xs-1 vce-col--xs-last vce-col--xs-first vce-col--sm-last vce-col--sm-first vce-col--md-first vce-col--lg-first vce-col--xl-first\" id=\"el-880695f8\"><div class=\"vce-col-inner\" data-vce-element-content=\"true\" data-vce-do-apply=\"margin padding border  background el-880695f8\"><div class=\"vce-text-block\"><div class=\"vce-text-block-wrapper vce\" id=\"el-04cd01a8\" data-vce-do-apply=\"all el-04cd01a8\"><h4><span style=\"color: #008080;\">LECTURAS DRAMATIZADAS<\/span><\/h4><h6><span style=\"color: #808080;\">Igualdad de G\u00e9nero a trav\u00e9s de la Dramatizaci\u00f3n. Autoras: Rosa Montero, Marcela Serrano\u2026<\/span><\/h6><\/div><\/div><\/div><\/div><div class=\"vce-col vce-col--md-28-18p vce-col--xs-1 vce-col--xs-last vce-col--xs-first vce-col--sm-last vce-col--sm-first vce-col--md-last vce-col--lg-last vce-col--xl-last\" id=\"el-622f435f\"><div class=\"vce-col-inner\" data-vce-element-content=\"true\" data-vce-do-apply=\"margin padding border  background el-622f435f\"><div class=\"vce-single-image-container vce-single-image--align-left\"><div class=\"vce vce-single-image-wrapper\" id=\"el-32edecb9\" data-vce-do-apply=\"all el-32edecb9\"><figure><div class=\"vce-single-image-inner\"><img decoding=\"async\" class=\"vce-single-image\" src=\"http:\/\/www.verdelimonar.com\/wp-content\/uploads\/2018\/01\/mujer-1024x664.jpg\" data-img-src=\"http:\/\/www.verdelimonar.com\/wp-content\/uploads\/2018\/01\/mujer.jpg\" alt=\"\" title=\"mujer\"><\/div><\/figure><\/div><\/div><\/div><\/div><\/div><\/div><\/div><div class=\"vce-row-container\"><div class=\"vce-row vce-row--col-gap-30 vce-row-columns--top vce-row-content--top\" id=\"el-761df770\" data-vce-do-apply=\"all el-761df770\"><div class=\"vce-content-background-container\"><\/div><div class=\"vce-row-content\" data-vce-element-content=\"true\"><div class=\"vce-col vce-col--md-71-8p vce-col--xs-1 vce-col--xs-last vce-col--xs-first vce-col--sm-last vce-col--sm-first vce-col--md-first vce-col--lg-first vce-col--xl-first\" id=\"el-39939d74\"><div class=\"vce-col-inner\" data-vce-element-content=\"true\" data-vce-do-apply=\"margin padding border  background el-39939d74\"><div class=\"vce-text-block\"><div class=\"vce-text-block-wrapper vce\" id=\"el-9d0ace30\" data-vce-do-apply=\"all el-9d0ace30\"><h4><span style=\"color: #008080;\">HAIKUS<\/span><\/h4><h6><span style=\"color: #808080;\">\u201cLa luna cala, sobre mi ropa ligera, hasta mi piel\u201d. Acercamiento al mundo del Haiku desde la palabra recitada y cantada, pasando por el movimiento y la m\u00fasica.<\/span><\/h6><\/div><\/div><\/div><\/div><div class=\"vce-col vce-col--md-28-18p vce-col--xs-1 vce-col--xs-last vce-col--xs-first vce-col--sm-last vce-col--sm-first vce-col--md-last vce-col--lg-last vce-col--xl-last\" id=\"el-3f73e5fe\"><div class=\"vce-col-inner\" data-vce-element-content=\"true\" data-vce-do-apply=\"margin padding border  background el-3f73e5fe\"><div class=\"vce-single-image-container vce-single-image--align-left\"><div class=\"vce vce-single-image-wrapper\" id=\"el-3128b45b\" data-vce-do-apply=\"all el-3128b45b\"><figure><div class=\"vce-single-image-inner\"><img decoding=\"async\" class=\"vce-single-image\" src=\"http:\/\/www.verdelimonar.com\/wp-content\/uploads\/2018\/01\/haiku-1024x664.jpg\" data-img-src=\"http:\/\/www.verdelimonar.com\/wp-content\/uploads\/2018\/01\/haiku.jpg\" alt=\"\" title=\"haiku\"><\/div><\/figure><\/div><\/div><\/div><\/div><\/div><\/div><\/div><div class=\"vce-row-container\"><div class=\"vce-row vce-row--col-gap-30 vce-row-columns--top vce-row-content--top\" id=\"el-5fbae2a3\" data-vce-do-apply=\"all el-5fbae2a3\"><div class=\"vce-content-background-container\"><\/div><div class=\"vce-row-content\" data-vce-element-content=\"true\"><div class=\"vce-col vce-col--md-71-8p vce-col--xs-1 vce-col--xs-last vce-col--xs-first vce-col--sm-last vce-col--sm-first vce-col--md-first vce-col--lg-first vce-col--xl-first\" id=\"el-aa23bbba\"><div class=\"vce-col-inner\" data-vce-element-content=\"true\" data-vce-do-apply=\"margin padding border  background el-aa23bbba\"><div class=\"vce-text-block\"><div class=\"vce-text-block-wrapper vce\" id=\"el-0af7ced2\" data-vce-do-apply=\"all el-0af7ced2\"><h4><span style=\"color: #008080;\">TROBAIRITZ<\/span><\/h4><h6><span style=\"color: #808080;\">Textos de la Trobairitz Beatriz de D\u00eda<\/span><span style=\"color: #808080;\">.&nbsp;<\/span><a href=\"https:\/\/www.youtube.com\/watch?v=LCbBvXuLAEg\" target=\"_blank\" rel=\"noopener noreferrer\">+ info<\/a><\/h6><\/div><\/div><\/div><\/div><div class=\"vce-col vce-col--md-28-18p vce-col--xs-1 vce-col--xs-last vce-col--xs-first vce-col--sm-last vce-col--sm-first vce-col--md-last vce-col--lg-last vce-col--xl-last\" id=\"el-0bb59a38\"><div class=\"vce-col-inner\" data-vce-element-content=\"true\" data-vce-do-apply=\"margin padding border  background el-0bb59a38\"><div class=\"vce-single-image-container vce-single-image--align-left\"><div class=\"vce vce-single-image-wrapper\" id=\"el-618e83e1\" data-vce-do-apply=\"all el-618e83e1\"><figure><a href=\"https:\/\/www.youtube.com\/watch?v=LCbBvXuLAEg\" title=\"\" target=\"_blank\" class=\"vce-single-image-inner\"><img decoding=\"async\" class=\"vce-single-image\" src=\"http:\/\/www.verdelimonar.com\/wp-content\/uploads\/2018\/01\/troba-1024x664.jpg\" data-img-src=\"http:\/\/www.verdelimonar.com\/wp-content\/uploads\/2018\/01\/troba.jpg\" alt=\"\" title=\"troba\"><\/a><\/figure><\/div><\/div><\/div><\/div><\/div><\/div><\/div>\n","protected":false},"excerpt":{"rendered":"<p>Nuestras obras hablan sobre la mujer y como mujeres y actrices comprometidas social y culturalmente, tenemos la suerte de poder dar voz [&hellip;]<\/p>\n","protected":false},"author":1,"featured_media":0,"parent":0,"menu_order":0,"comment_status":"closed","ping_status":"closed","template":"","meta":{"footnotes":""},"class_list":["post-27","page","type-page","status-publish","hentry"],"_links":{"self":[{"href":"http:\/\/www.verdelimonar.com\/index.php\/wp-json\/wp\/v2\/pages\/27","targetHints":{"allow":["GET"]}}],"collection":[{"href":"http:\/\/www.verdelimonar.com\/index.php\/wp-json\/wp\/v2\/pages"}],"about":[{"href":"http:\/\/www.verdelimonar.com\/index.php\/wp-json\/wp\/v2\/types\/page"}],"author":[{"embeddable":true,"href":"http:\/\/www.verdelimonar.com\/index.php\/wp-json\/wp\/v2\/users\/1"}],"replies":[{"embeddable":true,"href":"http:\/\/www.verdelimonar.com\/index.php\/wp-json\/wp\/v2\/comments?post=27"}],"version-history":[{"count":22,"href":"http:\/\/www.verdelimonar.com\/index.php\/wp-json\/wp\/v2\/pages\/27\/revisions"}],"predecessor-version":[{"id":757,"href":"http:\/\/www.verdelimonar.com\/index.php\/wp-json\/wp\/v2\/pages\/27\/revisions\/757"}],"wp:attachment":[{"href":"http:\/\/www.verdelimonar.com\/index.php\/wp-json\/wp\/v2\/media?parent=27"}],"curies":[{"name":"wp","href":"https:\/\/api.w.org\/{rel}","templated":true}]}}