{"id":39,"date":"2017-05-29T07:17:46","date_gmt":"2017-05-29T07:17:46","guid":{"rendered":"http:\/\/localhost\/teatro\/?page_id=39"},"modified":"2018-03-08T06:29:05","modified_gmt":"2018-03-08T06:29:05","slug":"centros-de-secundaria-y-bachillerato","status":"publish","type":"page","link":"http:\/\/www.verdelimonar.com\/index.php\/centros-de-secundaria-y-bachillerato\/","title":{"rendered":"CENTROS DE SECUNDARIA Y BACHILLERATO"},"content":{"rendered":"<div class=\"vce-row-container\"><div class=\"vce-row vce-row--col-gap-30 vce-row-columns--top vce-row-content--top\" id=\"el-eed72fc7\" data-vce-do-apply=\"all el-eed72fc7\"><div class=\"vce-content-background-container\"><\/div><div class=\"vce-row-content\" data-vce-element-content=\"true\"><div class=\"vce-col vce-col--md-100p vce-col--xs-1 vce-col--xs-last vce-col--xs-first vce-col--sm-last vce-col--sm-first vce-col--md-last vce-col--lg-last vce-col--xl-last vce-col--md-first vce-col--lg-first vce-col--xl-first\" id=\"el-e908fee4\"><div class=\"vce-content-background-container\"><\/div><div class=\"vce-col-inner\" data-vce-element-content=\"true\" data-vce-do-apply=\"margin padding border  background el-e908fee4\"><div class=\"vce-text-block\"><div class=\"vce-text-block-wrapper vce\" id=\"el-3a4003d7\" data-vce-do-apply=\"all el-3a4003d7\"><h4><span style=\"color: #808080;\">La Compa\u00f1\u00eda Verdelimonar se desarrolla tambi\u00e9n en el \u00e1mbito pedag\u00f3gico.<\/span><\/h4><h4><span style=\"color: #808080;\">Forma parte de&nbsp; nuestro trabajo &nbsp;acercar el teatro a Centros de Secundaria y Bachillerato con los&nbsp; objetivos :<\/span><\/h4><ul><li><h6><span style=\"color: #808080;\">&nbsp;Fomentar &nbsp;en estas edades, el amor y la curiosidad del hecho teatral.<br><\/span><\/h6><\/li><li><h6><span style=\"color: #808080;\">&nbsp;Y creaci\u00f3n de un futuro p\u00fablico.<\/span><\/h6><\/li><\/ul><\/div><\/div><div class=\"vce-image-gallery vce-image-gallery--gap-10 vce-image-gallery--columns-4\"><div class=\"vce-image-gallery-wrapper vce\" id=\"el-dcbae474\" data-vce-do-apply=\"all el-dcbae474\"><div class=\"vce-image-gallery-list\"><div class=\"vce-image-gallery-item\"><div class=\"vce-image-gallery-item-inner-wrapper\"><a href=\"http:\/\/www.verdelimonar.com\/wp-content\/uploads\/2018\/01\/dos.jpg\" data-lightbox=\"lightbox-dcbae474\" class=\"vce-image-gallery-item-inner\"><img decoding=\"async\" class=\"vce-image-gallery-img\" src=\"http:\/\/www.verdelimonar.com\/wp-content\/uploads\/2018\/01\/dos-1024x664.jpg\" alt=\"\" title=\"dos\"><\/a><\/div><\/div><div class=\"vce-image-gallery-item\"><div class=\"vce-image-gallery-item-inner-wrapper\"><a href=\"http:\/\/www.verdelimonar.com\/wp-content\/uploads\/2018\/01\/t25c.jpg\" data-lightbox=\"lightbox-dcbae474\" class=\"vce-image-gallery-item-inner\"><img decoding=\"async\" class=\"vce-image-gallery-img\" src=\"http:\/\/www.verdelimonar.com\/wp-content\/uploads\/2018\/01\/t25c-1024x664.jpg\" alt=\"\" title=\"t25c\"><\/a><\/div><\/div><div class=\"vce-image-gallery-item\"><div class=\"vce-image-gallery-item-inner-wrapper\"><a href=\"http:\/\/www.verdelimonar.com\/wp-content\/uploads\/2018\/01\/2A.jpg\" data-lightbox=\"lightbox-dcbae474\" class=\"vce-image-gallery-item-inner\"><img decoding=\"async\" class=\"vce-image-gallery-img vce-image-gallery-img--orientation-portrait\" src=\"http:\/\/www.verdelimonar.com\/wp-content\/uploads\/2018\/01\/2A-693x1024.jpg\" alt=\"\" title=\"2A\"><\/a><\/div><\/div><div class=\"vce-image-gallery-item\"><div class=\"vce-image-gallery-item-inner-wrapper\"><a href=\"http:\/\/www.verdelimonar.com\/wp-content\/uploads\/2017\/12\/federico02.jpg\" data-lightbox=\"lightbox-dcbae474\" class=\"vce-image-gallery-item-inner\"><img decoding=\"async\" class=\"vce-image-gallery-img\" src=\"http:\/\/www.verdelimonar.com\/wp-content\/uploads\/2017\/12\/federico02-1024x683.jpg\" alt=\"\" title=\"federico02\"><\/a><\/div><\/div><\/div><\/div><\/div><div class=\"vce-row-container\"><div class=\"vce-row vce-row--col-gap-30 vce-row-columns--top vce-row-content--top\" id=\"el-aa2bcbc5\" data-vce-do-apply=\"all el-aa2bcbc5\"><div class=\"vce-content-background-container\"><\/div><div class=\"vce-row-content\" data-vce-element-content=\"true\"><div class=\"vce-col vce-col--md-64-67p vce-col--xs-1 vce-col--xs-last vce-col--xs-first vce-col--sm-last vce-col--sm-first vce-col--md-first vce-col--lg-first vce-col--xl-first\" id=\"el-89dd8591\"><div class=\"vce-content-background-container\"><\/div><div class=\"vce-col-inner\" data-vce-element-content=\"true\" data-vce-do-apply=\"margin padding border  background el-89dd8591\"><div class=\"vce-text-block\"><div class=\"vce-text-block-wrapper vce\" id=\"el-b8b64f84\" data-vce-do-apply=\"all el-b8b64f84\"><h3><span style=\"color: #008080;\">CAMPA\u00d1AS TEATRALES<\/span><\/h3><h6><span style=\"color: #808080;\">En el curso 2017-18 nos encontramos en la V Campa\u00f1a<\/span><\/h6><\/div><\/div><\/div><\/div><div class=\"vce-col vce-col--md-35-33p vce-col--xs-1 vce-col--xs-last vce-col--xs-first vce-col--sm-last vce-col--sm-first vce-col--md-last vce-col--lg-last vce-col--xl-last\" id=\"el-d709361b\"><div class=\"vce-col-inner\" data-vce-element-content=\"true\" data-vce-do-apply=\"margin padding border  background el-d709361b\"><\/div><\/div><\/div><\/div><\/div><div class=\"vce-text-block\"><div class=\"vce-text-block-wrapper vce\" id=\"el-ab917ec9\" data-vce-do-apply=\"all el-ab917ec9\"><h3><span style=\"color: #008080;\">ESPECT\u00c1CULOS<\/span><\/h3><\/div><\/div><div class=\"vce-row-container\"><div class=\"vce-row vce-row--col-gap-30 vce-row-columns--top vce-row-content--top\" id=\"el-683cdc42\" data-vce-do-apply=\"all el-683cdc42\"><div class=\"vce-row-content\" data-vce-element-content=\"true\"><div class=\"vce-col vce-col--md-64-67p vce-col--xs-1 vce-col--xs-last vce-col--xs-first vce-col--sm-last vce-col--sm-first vce-col--md-first vce-col--lg-first vce-col--xl-first\" id=\"el-b1d37e6b\"><div class=\"vce-col-inner\" data-vce-element-content=\"true\" data-vce-do-apply=\"margin padding border  background el-b1d37e6b\"><div class=\"vce-text-block\"><div class=\"vce-text-block-wrapper vce\" id=\"el-37573500\" data-vce-do-apply=\"all el-37573500\"><hr><h5><span style=\"color: #008080;\"><a style=\"color: #008080;\" href=\"http:\/\/www.verdelimonar.com\/index.php\/federico-una-palabra-habitada\/\" target=\"_blank\" rel=\"noopener noreferrer\">FEDERICO. UNA PALABRA HABITADA<\/a><\/span><\/h5><ul><li><h6><span style=\"color: #808080;\">Propuesta art\u00edstico educativa&nbsp;<a href=\"http:\/\/www.verdelimonar.com\/wp-content\/uploads\/2018\/01\/Propuesta-art\u00edstica-educativa.-Federico.-Una-palabra-habitada.pdf\" target=\"_blank\" rel=\"noopener noreferrer\">+ info<\/a><\/span><\/h6><\/li><li><h6><span style=\"color: #808080;\">Sugerencias de aprovechamiento&nbsp;<a href=\"http:\/\/www.verdelimonar.com\/wp-content\/uploads\/2018\/01\/Sugerencias-de-aprovechamiento-did\u00e1ctico-Federico-Una-palabra-habitada.pdf\" target=\"_blank\" rel=\"noopener noreferrer\">+ info<\/a><\/span><\/h6><\/li><li><h6><span style=\"color: #808080;\">Cr\u00edtica del alumnado&nbsp;<a href=\"http:\/\/www.verdelimonar.com\/wp-content\/uploads\/2018\/01\/rese\u00f1a-federico.pdf\" target=\"_blank\" rel=\"noopener noreferrer\">+ info<\/a><\/span><\/h6><\/li><\/ul><\/div><\/div><\/div><\/div><div class=\"vce-col vce-col--md-35-33p vce-col--xs-1 vce-col--xs-last vce-col--xs-first vce-col--sm-last vce-col--sm-first vce-col--md-last vce-col--lg-last vce-col--xl-last\" id=\"el-c6ede50d\"><div class=\"vce-col-inner\" data-vce-element-content=\"true\" data-vce-do-apply=\"margin padding border  background el-c6ede50d\"><div class=\"vce-single-image-container vce-single-image--align-left\"><div class=\"vce vce-single-image-wrapper\" id=\"el-2a9f20d4\" data-vce-do-apply=\"all el-2a9f20d4\"><figure><a href=\"http:\/\/www.verdelimonar.com\/index.php\/federico-una-palabra-habitada\/\" title=\"\" class=\"vce-single-image-inner\"><img decoding=\"async\" class=\"vce-single-image\" src=\"http:\/\/www.verdelimonar.com\/wp-content\/uploads\/2018\/01\/t25c-1024x664.jpg\" data-img-src=\"http:\/\/www.verdelimonar.com\/wp-content\/uploads\/2018\/01\/t25c.jpg\" alt=\"\" title=\"t25c\"><\/a><\/figure><\/div><\/div><\/div><\/div><\/div><\/div><\/div><div class=\"vce-row-container\"><div class=\"vce-row vce-row--col-gap-30 vce-row-columns--top vce-row-content--top\" id=\"el-8da5e261\" data-vce-do-apply=\"all el-8da5e261\"><div class=\"vce-row-content\" data-vce-element-content=\"true\"><div class=\"vce-col vce-col--md-64-67p vce-col--xs-1 vce-col--xs-last vce-col--xs-first vce-col--sm-last vce-col--sm-first vce-col--md-first vce-col--lg-first vce-col--xl-first\" id=\"el-2a110f1e\"><div class=\"vce-col-inner\" data-vce-element-content=\"true\" data-vce-do-apply=\"margin padding border  background el-2a110f1e\"><div class=\"vce-text-block\"><div class=\"vce-text-block-wrapper vce\" id=\"el-3550253f\" data-vce-do-apply=\"all el-3550253f\"><hr><h5><strong><span style=\"color: #008080;\"><a style=\"color: #008080;\" href=\"http:\/\/www.verdelimonar.com\/index.php\/dos-mujeres-cuentan\/\">DOS MUJERES CUENTAN<\/a><\/span><\/strong><\/h5><ul><li><h6><span style=\"color: #808080;\"><a style=\"color: #808080;\" href=\"http:\/\/www.verdelimonar.com\/wp-content\/uploads\/2018\/01\/Dos-mujeres-cuentan-Programa-de-mano.pdf\" target=\"_blank\" rel=\"noopener noreferrer\">Programa de mano<\/a>&nbsp;<a href=\"http:\/\/www.verdelimonar.com\/wp-content\/uploads\/2018\/01\/Dos-mujeres-cuentan-Programa-de-mano.pdf\" target=\"_blank\" rel=\"noopener noreferrer\">+ info<\/a><\/span><\/h6><\/li><li><h6><span style=\"color: #808080;\"><a style=\"color: #808080;\" href=\"http:\/\/www.verdelimonar.com\/wp-content\/uploads\/2018\/01\/critica-teresa.pdf\" target=\"_blank\" rel=\"noopener noreferrer\">Cr\u00edticas &nbsp;alumnado (Teresa)<\/a>&nbsp;<a href=\"http:\/\/www.verdelimonar.com\/wp-content\/uploads\/2018\/01\/critica-teresa.pdf\" target=\"_blank\" rel=\"noopener noreferrer\">+ info<\/a><\/span><\/h6><\/li><li><h6><span style=\"color: #808080;\"><a style=\"color: #808080;\" href=\"http:\/\/www.verdelimonar.com\/wp-content\/uploads\/2018\/01\/critica-diego.pdf\" target=\"_blank\" rel=\"noopener noreferrer\">Cr\u00edticas &nbsp;alumnado (Diego)<\/a>&nbsp;<a href=\"http:\/\/www.verdelimonar.com\/wp-content\/uploads\/2018\/01\/critica-diego.pdf\" target=\"_blank\" rel=\"noopener noreferrer\">+ info<\/a><\/span><\/h6><\/li><\/ul><\/div><\/div><\/div><\/div><div class=\"vce-col vce-col--md-35-33p vce-col--xs-1 vce-col--xs-last vce-col--xs-first vce-col--sm-last vce-col--sm-first vce-col--md-last vce-col--lg-last vce-col--xl-last\" id=\"el-4a13a16a\"><div class=\"vce-col-inner\" data-vce-element-content=\"true\" data-vce-do-apply=\"margin padding border  background el-4a13a16a\"><div class=\"vce-single-image-container vce-single-image--align-left\"><div class=\"vce vce-single-image-wrapper\" id=\"el-d8fc1aaa\" data-vce-do-apply=\"all el-d8fc1aaa\"><figure><a href=\"http:\/\/www.verdelimonar.com\/index.php\/dos-mujeres-cuentan\/\" title=\"\" class=\"vce-single-image-inner\"><img decoding=\"async\" class=\"vce-single-image\" src=\"http:\/\/www.verdelimonar.com\/wp-content\/uploads\/2018\/01\/dos-1024x664.jpg\" data-img-src=\"http:\/\/www.verdelimonar.com\/wp-content\/uploads\/2018\/01\/dos.jpg\" alt=\"\" title=\"dos\"><\/a><\/figure><\/div><\/div><\/div><\/div><\/div><\/div><\/div><\/div><\/div><\/div><\/div><\/div>\n","protected":false},"excerpt":{"rendered":"<p>La Compa\u00f1\u00eda Verdelimonar se desarrolla tambi\u00e9n en el \u00e1mbito pedag\u00f3gico.Forma parte de&nbsp; nuestro trabajo &nbsp;acercar el teatro a Centros de Secundaria y [&hellip;]<\/p>\n","protected":false},"author":1,"featured_media":0,"parent":0,"menu_order":0,"comment_status":"closed","ping_status":"closed","template":"","meta":{"footnotes":""},"class_list":["post-39","page","type-page","status-publish","hentry"],"_links":{"self":[{"href":"http:\/\/www.verdelimonar.com\/index.php\/wp-json\/wp\/v2\/pages\/39","targetHints":{"allow":["GET"]}}],"collection":[{"href":"http:\/\/www.verdelimonar.com\/index.php\/wp-json\/wp\/v2\/pages"}],"about":[{"href":"http:\/\/www.verdelimonar.com\/index.php\/wp-json\/wp\/v2\/types\/page"}],"author":[{"embeddable":true,"href":"http:\/\/www.verdelimonar.com\/index.php\/wp-json\/wp\/v2\/users\/1"}],"replies":[{"embeddable":true,"href":"http:\/\/www.verdelimonar.com\/index.php\/wp-json\/wp\/v2\/comments?post=39"}],"version-history":[{"count":66,"href":"http:\/\/www.verdelimonar.com\/index.php\/wp-json\/wp\/v2\/pages\/39\/revisions"}],"predecessor-version":[{"id":726,"href":"http:\/\/www.verdelimonar.com\/index.php\/wp-json\/wp\/v2\/pages\/39\/revisions\/726"}],"wp:attachment":[{"href":"http:\/\/www.verdelimonar.com\/index.php\/wp-json\/wp\/v2\/media?parent=39"}],"curies":[{"name":"wp","href":"https:\/\/api.w.org\/{rel}","templated":true}]}}