{"id":5,"date":"2017-05-29T06:12:42","date_gmt":"2017-05-29T06:12:42","guid":{"rendered":"http:\/\/localhost\/teatro\/?page_id=5"},"modified":"2018-03-08T07:18:27","modified_gmt":"2018-03-08T07:18:27","slug":"espectaculos","status":"publish","type":"page","link":"http:\/\/www.verdelimonar.com\/index.php\/espectaculos\/","title":{"rendered":"ESPECT\u00c1CULOS"},"content":{"rendered":"<div class=\"vce-row-container\"><div class=\"vce-row vce-row--col-gap-30 vce-row-columns--top vce-row-content--top\" id=\"el-7e795519\" data-vce-do-apply=\"all el-7e795519\"><div class=\"vce-content-background-container\"><\/div><div class=\"vce-row-content\" data-vce-element-content=\"true\"><div class=\"vce-col vce-col--md-50p vce-col--xs-1 vce-col--xs-last vce-col--xs-first vce-col--sm-last vce-col--sm-first vce-col--md-first vce-col--lg-first vce-col--xl-first\" id=\"el-e7d44d8a\"><div class=\"vce-content-background-container\"><\/div><div class=\"vce-col-inner\" data-vce-element-content=\"true\" data-vce-do-apply=\"margin padding border  background el-e7d44d8a\"><div class=\"vce-text-block\"><div class=\"vce-text-block-wrapper vce\" id=\"el-aa81c370\" data-vce-do-apply=\"all el-aa81c370\"><h3><a href=\"http:\/\/www.verdelimonar.com\/index.php\/federico-una-palabra-habitada\/\"><span style=\"color: #008080;\">\"Federico, una palabra habitada\"<\/span><\/a><\/h3><h6><span style=\"color: #808080;\">Propuesta&nbsp; teatral &nbsp;en torno a la&nbsp; vida y obra de Federico Garc\u00eda Lorca. Interpretaci\u00f3n, danza y canto.<\/span> <a href=\"http:\/\/www.verdelimonar.com\/index.php\/federico-una-palabra-habitada\/\">+ info<\/a><\/h6><\/div><\/div><\/div><\/div><div class=\"vce-col vce-col--md-50p vce-col--xs-1 vce-col--xs-last vce-col--xs-first vce-col--sm-last vce-col--sm-first vce-col--md-last vce-col--lg-last vce-col--xl-last\" id=\"el-8e34f59d\"><div class=\"vce-content-background-container\"><\/div><div class=\"vce-col-inner\" data-vce-element-content=\"true\" data-vce-do-apply=\"margin padding border  background el-8e34f59d\"><div class=\"vce-text-block\"><div class=\"vce-text-block-wrapper vce\" id=\"el-1e4c37df\" data-vce-do-apply=\"all el-1e4c37df\"><h3><a href=\"http:\/\/www.verdelimonar.com\/index.php\/dos-mujeres-cuentan\/\"><span style=\"color: #008080;\">\"Dos mujeres cuentan\"<\/span><\/a><\/h3><h6><span style=\"color: #666699;\"><span style=\"color: #808080;\">Sarah y Rozica, dos mujeres de cultura sefard\u00ed, voces transmisoras de la literatura de tradici\u00f3n oral que se narraba en la pen\u00ednsula Ib\u00e9rica en el siglo XV<\/span>. <a href=\"http:\/\/www.verdelimonar.com\/index.php\/dos-mujeres-cuentan\/\">+ info<\/a><\/span><\/h6><\/div><\/div><\/div><\/div><\/div><\/div><\/div><div class=\"vce-row-container\"><div class=\"vce-row vce-row--col-gap-30 vce-row-columns--top vce-row-content--top\" id=\"el-f29fbf91\" data-vce-do-apply=\"all el-f29fbf91\"><div class=\"vce-row-content\" data-vce-element-content=\"true\"><div class=\"vce-col vce-col--md-50p vce-col--xs-1 vce-col--xs-last vce-col--xs-first vce-col--sm-last vce-col--sm-first vce-col--md-first vce-col--lg-first vce-col--xl-first\" id=\"el-9369deb7\"><div class=\"vce-col-inner\" data-vce-element-content=\"true\" data-vce-do-apply=\"margin padding border  background el-9369deb7\"><div class=\"vce-single-image-container vce-single-image--align-left\"><div class=\"vce vce-single-image-wrapper\" id=\"el-1903f41a\" data-vce-do-apply=\"all el-1903f41a\"><figure><a href=\"http:\/\/www.verdelimonar.com\/index.php\/federico-una-palabra-habitada\/\" title=\"\" class=\"vce-single-image-inner\"><img decoding=\"async\" class=\"vce-single-image\" src=\"http:\/\/www.verdelimonar.com\/wp-content\/uploads\/2018\/01\/t25c-1024x664.jpg\" data-img-src=\"http:\/\/www.verdelimonar.com\/wp-content\/uploads\/2018\/01\/t25c.jpg\" alt=\"\" title=\"t25c\"><\/a><\/figure><\/div><\/div><\/div><\/div><div class=\"vce-col vce-col--md-50p vce-col--xs-1 vce-col--xs-last vce-col--xs-first vce-col--sm-last vce-col--sm-first vce-col--md-last vce-col--lg-last vce-col--xl-last\" id=\"el-2e62a39f\"><div class=\"vce-col-inner\" data-vce-element-content=\"true\" data-vce-do-apply=\"margin padding border  background el-2e62a39f\"><div class=\"vce-single-image-container vce-single-image--align-left\"><div class=\"vce vce-single-image-wrapper\" id=\"el-a632e0ad\" data-vce-do-apply=\"all el-a632e0ad\"><figure><a href=\"http:\/\/www.verdelimonar.com\/index.php\/dos-mujeres-cuentan\/\" title=\"\" class=\"vce-single-image-inner\"><img decoding=\"async\" class=\"vce-single-image\" src=\"http:\/\/www.verdelimonar.com\/wp-content\/uploads\/2018\/01\/dos-1024x664.jpg\" data-img-src=\"http:\/\/www.verdelimonar.com\/wp-content\/uploads\/2018\/01\/dos.jpg\" alt=\"\" title=\"dos\"><\/a><\/figure><\/div><\/div><\/div><\/div><\/div><\/div><\/div>\n","protected":false},"excerpt":{"rendered":"<p>\u00abFederico, una palabra habitada\u00bbPropuesta&nbsp; teatral &nbsp;en torno a la&nbsp; vida y obra de Federico Garc\u00eda Lorca. Interpretaci\u00f3n, danza y canto. + info\u00bbDos [&hellip;]<\/p>\n","protected":false},"author":1,"featured_media":0,"parent":0,"menu_order":0,"comment_status":"closed","ping_status":"closed","template":"","meta":{"footnotes":""},"class_list":["post-5","page","type-page","status-publish","hentry"],"_links":{"self":[{"href":"http:\/\/www.verdelimonar.com\/index.php\/wp-json\/wp\/v2\/pages\/5","targetHints":{"allow":["GET"]}}],"collection":[{"href":"http:\/\/www.verdelimonar.com\/index.php\/wp-json\/wp\/v2\/pages"}],"about":[{"href":"http:\/\/www.verdelimonar.com\/index.php\/wp-json\/wp\/v2\/types\/page"}],"author":[{"embeddable":true,"href":"http:\/\/www.verdelimonar.com\/index.php\/wp-json\/wp\/v2\/users\/1"}],"replies":[{"embeddable":true,"href":"http:\/\/www.verdelimonar.com\/index.php\/wp-json\/wp\/v2\/comments?post=5"}],"version-history":[{"count":43,"href":"http:\/\/www.verdelimonar.com\/index.php\/wp-json\/wp\/v2\/pages\/5\/revisions"}],"predecessor-version":[{"id":748,"href":"http:\/\/www.verdelimonar.com\/index.php\/wp-json\/wp\/v2\/pages\/5\/revisions\/748"}],"wp:attachment":[{"href":"http:\/\/www.verdelimonar.com\/index.php\/wp-json\/wp\/v2\/media?parent=5"}],"curies":[{"name":"wp","href":"https:\/\/api.w.org\/{rel}","templated":true}]}}